{"id":51,"date":"2025-05-06T19:09:25","date_gmt":"2025-05-06T19:09:25","guid":{"rendered":"https:\/\/ad-sivos.com\/inicio\/?page_id=51"},"modified":"2025-08-28T19:32:18","modified_gmt":"2025-08-28T19:32:18","slug":"acerca-de","status":"publish","type":"page","link":"https:\/\/ad-sivos.com\/?page_id=51","title":{"rendered":"Acerca de"},"content":{"rendered":"\r\n<p><img loading=\"lazy\" decoding=\"async\" class=\"aligncenter size-full wp-image-7\" src=\"https:\/\/ad-sivos.com\/wp-content\/uploads\/2025\/05\/Barra-Gris.png\" alt=\"\" width=\"1280\" height=\"64\" srcset=\"https:\/\/ad-sivos.com\/wp-content\/uploads\/2025\/05\/Barra-Gris.png 1280w, https:\/\/ad-sivos.com\/wp-content\/uploads\/2025\/05\/Barra-Gris-300x15.png 300w, https:\/\/ad-sivos.com\/wp-content\/uploads\/2025\/05\/Barra-Gris-1024x51.png 1024w, https:\/\/ad-sivos.com\/wp-content\/uploads\/2025\/05\/Barra-Gris-768x38.png 768w\" sizes=\"auto, (max-width: 767px) 89vw, (max-width: 1000px) 54vw, (max-width: 1071px) 543px, 580px\" \/><\/p>\r\n<p><img decoding=\"async\" class=\"aligncenter size-full wp-image-216\" src=\"https:\/\/ad-sivos.com\/wp-content\/uploads\/2025\/08\/logo.png\" alt=\"\" \/>Fabricamos y distribuimos en grandes vol\u00famenes adhesivos para cart\u00f3n, papel, metalizados, plastificados, ventana de acetato, laboratorio in-house altamente equipado capaz de desarrollar cualquier tipo de adhesivo<br \/><br \/>Fabricante de cajas plegadizas y cajas de cart\u00f3n de tipo y en cualquier volumen<br \/><br \/>Experiencia en Direcci\u00f3n de empresas, estrategias de marketing, implementaci\u00f3n de sistemas de gesti\u00f3n de calidad<br \/><br \/>M\u00e1s de 25 a\u00f1os de experiencia haciendo equipo con personajes de la pol\u00edtica, CEO\u00b4s, directivos de alto nivel y manejo de gente con perfiles muy elevados de exigencia en proyectos diversos de marketing, de comunicaci\u00f3n y de producci\u00f3n de eventos corporativos y espect\u00e1culos, tambi\u00e9n en proyectos altruistas, proyectos de fusi\u00f3n de compa\u00f1\u00edas, importantes campa\u00f1as internas de comunicaci\u00f3n por cambios de liderazgo y he tenido la oportunidad de participar en un sin n\u00famero de lanzamientos de nuevos productos, etc.<br \/><br \/>Ahora en el \u00e1rea industrial, ha sido un gusto poder llevar a esta empresa a lanzar m\u00e1s de 100 nuevos exitosos productos, a participar en nuevos segmentos de mercado, a certificarse ISO 9001, a tener un gran crecimiento en ventas y a generar proyectos de expansi\u00f3n que nos consolidan como un participante importante en los segmentos en que participamos<img loading=\"lazy\" decoding=\"async\" class=\"aligncenter size-full wp-image-7\" src=\"https:\/\/ad-sivos.com\/wp-content\/uploads\/2025\/05\/Barra-Gris.png\" alt=\"\" width=\"1280\" height=\"64\" srcset=\"https:\/\/ad-sivos.com\/wp-content\/uploads\/2025\/05\/Barra-Gris.png 1280w, https:\/\/ad-sivos.com\/wp-content\/uploads\/2025\/05\/Barra-Gris-300x15.png 300w, https:\/\/ad-sivos.com\/wp-content\/uploads\/2025\/05\/Barra-Gris-1024x51.png 1024w, https:\/\/ad-sivos.com\/wp-content\/uploads\/2025\/05\/Barra-Gris-768x38.png 768w\" sizes=\"auto, (max-width: 767px) 89vw, (max-width: 1000px) 54vw, (max-width: 1071px) 543px, 580px\" \/><\/p>\r\n","protected":false},"excerpt":{"rendered":"<p>Fabricamos y distribuimos en grandes vol\u00famenes adhesivos para cart\u00f3n, papel, metalizados, plastificados, ventana de acetato, laboratorio in-house altamente equipado capaz de desarrollar cualquier tipo de adhesivo Fabricante de cajas plegadizas y cajas de cart\u00f3n de tipo y en cualquier volumen Experiencia en Direcci\u00f3n de empresas, estrategias de marketing, implementaci\u00f3n de sistemas de gesti\u00f3n de calidad &hellip; <\/p>\n<p class=\"link-more\"><a href=\"https:\/\/ad-sivos.com\/?page_id=51\" class=\"more-link\">Continuar leyendo<span class=\"screen-reader-text\"> \u00abAcerca de\u00bb<\/span><\/a><\/p>\n","protected":false},"author":1,"featured_media":15,"parent":0,"menu_order":0,"comment_status":"closed","ping_status":"closed","template":"","meta":{"footnotes":""},"class_list":["post-51","page","type-page","status-publish","has-post-thumbnail","hentry"],"_links":{"self":[{"href":"https:\/\/ad-sivos.com\/index.php?rest_route=\/wp\/v2\/pages\/51","targetHints":{"allow":["GET"]}}],"collection":[{"href":"https:\/\/ad-sivos.com\/index.php?rest_route=\/wp\/v2\/pages"}],"about":[{"href":"https:\/\/ad-sivos.com\/index.php?rest_route=\/wp\/v2\/types\/page"}],"author":[{"embeddable":true,"href":"https:\/\/ad-sivos.com\/index.php?rest_route=\/wp\/v2\/users\/1"}],"replies":[{"embeddable":true,"href":"https:\/\/ad-sivos.com\/index.php?rest_route=%2Fwp%2Fv2%2Fcomments&post=51"}],"version-history":[{"count":6,"href":"https:\/\/ad-sivos.com\/index.php?rest_route=\/wp\/v2\/pages\/51\/revisions"}],"predecessor-version":[{"id":314,"href":"https:\/\/ad-sivos.com\/index.php?rest_route=\/wp\/v2\/pages\/51\/revisions\/314"}],"wp:featuredmedia":[{"embeddable":true,"href":"https:\/\/ad-sivos.com\/index.php?rest_route=\/wp\/v2\/media\/15"}],"wp:attachment":[{"href":"https:\/\/ad-sivos.com\/index.php?rest_route=%2Fwp%2Fv2%2Fmedia&parent=51"}],"curies":[{"name":"wp","href":"https:\/\/api.w.org\/{rel}","templated":true}]}}