{"id":52,"date":"2025-05-06T19:09:25","date_gmt":"2025-05-06T19:09:25","guid":{"rendered":"https:\/\/ad-sivos.com\/inicio\/?page_id=52"},"modified":"2025-08-28T23:10:07","modified_gmt":"2025-08-28T23:10:07","slug":"contacto","status":"publish","type":"page","link":"https:\/\/ad-sivos.com\/?page_id=52","title":{"rendered":"Contacto"},"content":{"rendered":"\r\n<h4><img loading=\"lazy\" decoding=\"async\" class=\"aligncenter size-full wp-image-7\" src=\"https:\/\/ad-sivos.com\/wp-content\/uploads\/2025\/05\/Barra-Gris.png\" alt=\"\" width=\"1280\" height=\"64\" srcset=\"https:\/\/ad-sivos.com\/wp-content\/uploads\/2025\/05\/Barra-Gris.png 1280w, https:\/\/ad-sivos.com\/wp-content\/uploads\/2025\/05\/Barra-Gris-300x15.png 300w, https:\/\/ad-sivos.com\/wp-content\/uploads\/2025\/05\/Barra-Gris-1024x51.png 1024w, https:\/\/ad-sivos.com\/wp-content\/uploads\/2025\/05\/Barra-Gris-768x38.png 768w\" sizes=\"auto, (max-width: 767px) 89vw, (max-width: 1000px) 54vw, (max-width: 1071px) 543px, 580px\" \/><\/h4>\r\n<ul class=\"\">\r\n<li style=\"text-align: center;\"><i class=\"fa fa-map-marker\"><\/i>\r\n<h2><strong>Naucalpan de Ju\u00e1rez, M\u00e9xico, M\u00e9xico<\/strong><\/h2>\r\n<\/li>\r\n<li style=\"text-align: center;\">\r\n<h2><strong>C.P.\u00a0 \u00a0 53229<\/strong><\/h2>\r\n<\/li>\r\n<li class=\"phone-info\" style=\"text-align: center;\">\r\n<h2><strong><i class=\"fa fa-phone\"><\/i>Ll\u00e1manos:\u00a0 \u00a05572161485<\/strong><\/h2>\r\n<\/li>\r\n<li class=\"phone-info\" style=\"text-align: center;\">\r\n<h2><strong><i class=\"fa fa-whatsapp\"><\/i>M\u00e1ndanos un Whatsapp:\u00a0 \u00a0<a href=\"https:\/\/web.whatsapp.com\/\" target=\"_blank\" rel=\"noopener\">5572161485<\/a><\/strong><\/h2>\r\n<\/li>\r\n<li class=\"email-info\" style=\"text-align: center;\">\r\n<h2><strong><i class=\"fa fa-envelope-o\"><\/i>Email:\u00a0 \u00a0\u00a0<a href=\"mailto:coco@ad-sivos.com\">coco@ad-sivos.com<\/a><\/strong><\/h2>\r\n<\/li>\r\n<\/ul>\r\n<h2 style=\"text-align: center;\"><strong>Horario<\/strong><br \/><strong>Lunes a viernes: de 9:00 a 17:00 h.<\/strong><\/h2>\r\n<h2 style=\"text-align: center;\"><img loading=\"lazy\" decoding=\"async\" class=\"aligncenter size-full wp-image-7\" src=\"https:\/\/ad-sivos.com\/wp-content\/uploads\/2025\/05\/Barra-Gris.png\" alt=\"\" width=\"1280\" height=\"64\" srcset=\"https:\/\/ad-sivos.com\/wp-content\/uploads\/2025\/05\/Barra-Gris.png 1280w, https:\/\/ad-sivos.com\/wp-content\/uploads\/2025\/05\/Barra-Gris-300x15.png 300w, https:\/\/ad-sivos.com\/wp-content\/uploads\/2025\/05\/Barra-Gris-1024x51.png 1024w, https:\/\/ad-sivos.com\/wp-content\/uploads\/2025\/05\/Barra-Gris-768x38.png 768w\" sizes=\"auto, (max-width: 767px) 89vw, (max-width: 1000px) 54vw, (max-width: 1071px) 543px, 580px\" \/><\/h2>\r\n","protected":false},"excerpt":{"rendered":"<p>Naucalpan de Ju\u00e1rez, M\u00e9xico, M\u00e9xico C.P.\u00a0 \u00a0 53229 Ll\u00e1manos:\u00a0 \u00a05572161485 M\u00e1ndanos un Whatsapp:\u00a0 \u00a05572161485 Email:\u00a0 \u00a0\u00a0coco@ad-sivos.com HorarioLunes a viernes: de 9:00 a 17:00 h.<\/p>\n","protected":false},"author":1,"featured_media":35,"parent":0,"menu_order":0,"comment_status":"closed","ping_status":"closed","template":"","meta":{"footnotes":""},"class_list":["post-52","page","type-page","status-publish","has-post-thumbnail","hentry"],"_links":{"self":[{"href":"https:\/\/ad-sivos.com\/index.php?rest_route=\/wp\/v2\/pages\/52","targetHints":{"allow":["GET"]}}],"collection":[{"href":"https:\/\/ad-sivos.com\/index.php?rest_route=\/wp\/v2\/pages"}],"about":[{"href":"https:\/\/ad-sivos.com\/index.php?rest_route=\/wp\/v2\/types\/page"}],"author":[{"embeddable":true,"href":"https:\/\/ad-sivos.com\/index.php?rest_route=\/wp\/v2\/users\/1"}],"replies":[{"embeddable":true,"href":"https:\/\/ad-sivos.com\/index.php?rest_route=%2Fwp%2Fv2%2Fcomments&post=52"}],"version-history":[{"count":12,"href":"https:\/\/ad-sivos.com\/index.php?rest_route=\/wp\/v2\/pages\/52\/revisions"}],"predecessor-version":[{"id":337,"href":"https:\/\/ad-sivos.com\/index.php?rest_route=\/wp\/v2\/pages\/52\/revisions\/337"}],"wp:featuredmedia":[{"embeddable":true,"href":"https:\/\/ad-sivos.com\/index.php?rest_route=\/wp\/v2\/media\/35"}],"wp:attachment":[{"href":"https:\/\/ad-sivos.com\/index.php?rest_route=%2Fwp%2Fv2%2Fmedia&parent=52"}],"curies":[{"name":"wp","href":"https:\/\/api.w.org\/{rel}","templated":true}]}}